{"id":11,"date":"2026-05-06T14:18:54","date_gmt":"2026-05-06T14:18:54","guid":{"rendered":"https:\/\/pulapulafestas.com.br\/?page_id=11"},"modified":"2026-05-06T17:56:10","modified_gmt":"2026-05-06T17:56:10","slug":"inicio","status":"publish","type":"page","link":"https:\/\/pulapulafestas.com.br\/","title":{"rendered":"In\u00edcio"},"content":{"rendered":"","protected":false},"excerpt":{"rendered":"","protected":false},"author":1,"featured_media":0,"parent":0,"menu_order":0,"comment_status":"closed","ping_status":"closed","template":"","meta":{"_acf_changed":false,"footnotes":""},"class_list":["post-11","page","type-page","status-publish","hentry"],"acf":[],"yoast_head":"<!-- This site is optimized with the Yoast SEO plugin v27.5 - https:\/\/yoast.com\/product\/yoast-seo-wordpress\/ -->\n<title>Casa de Festa Infantil em Joinville | Pula Pula Festas<\/title>\n<meta name=\"description\" content=\"Casa de festa infantil em Joinville (Floresta): brinquedoteca, \u00e1rea de games, decora\u00e7\u00e3o tem\u00e1tica e estrutura completa. Reserve sua data pelo WhatsApp.\" \/>\n<meta name=\"robots\" content=\"index, follow, max-snippet:-1, max-image-preview:large, max-video-preview:-1\" \/>\n<link rel=\"canonical\" href=\"https:\/\/pulapulafestas.com.br\/\" \/>\n<meta property=\"og:locale\" content=\"pt_BR\" \/>\n<meta property=\"og:type\" content=\"article\" \/>\n<meta property=\"og:title\" content=\"Casa de Festa Infantil em Joinville | Pula Pula Festas\" \/>\n<meta property=\"og:description\" content=\"Casa de festa infantil em Joinville (Floresta): brinquedoteca, \u00e1rea de games, decora\u00e7\u00e3o tem\u00e1tica e estrutura completa. Reserve sua data pelo WhatsApp.\" \/>\n<meta property=\"og:url\" content=\"https:\/\/pulapulafestas.com.br\/\" \/>\n<meta property=\"og:site_name\" content=\"Pula Pula Festas - Joinville\" \/>\n<meta property=\"article:modified_time\" content=\"2026-05-06T17:56:10+00:00\" \/>\n<meta name=\"twitter:card\" content=\"summary_large_image\" \/>\n<meta name=\"twitter:title\" content=\"Casa de Festa Infantil em Joinville | Pula Pula Festas\" \/>\n<meta name=\"twitter:description\" content=\"Casa de festa infantil em Joinville (Floresta): brinquedoteca, \u00e1rea de games, decora\u00e7\u00e3o tem\u00e1tica e estrutura completa. Reserve sua data pelo WhatsApp.\" \/>\n<script type=\"application\/ld+json\" class=\"yoast-schema-graph\">{\"@context\":\"https:\\\/\\\/schema.org\",\"@graph\":[{\"@type\":\"WebPage\",\"@id\":\"https:\\\/\\\/pulapulafestas.com.br\\\/\",\"url\":\"https:\\\/\\\/pulapulafestas.com.br\\\/\",\"name\":\"Casa de Festa Infantil em Joinville | Pula Pula Festas\",\"isPartOf\":{\"@id\":\"https:\\\/\\\/pulapulafestas.com.br\\\/#website\"},\"datePublished\":\"2026-05-06T14:18:54+00:00\",\"dateModified\":\"2026-05-06T17:56:10+00:00\",\"description\":\"Casa de festa infantil em Joinville (Floresta): brinquedoteca, \u00e1rea de games, decora\u00e7\u00e3o tem\u00e1tica e estrutura completa. Reserve sua data pelo WhatsApp.\",\"breadcrumb\":{\"@id\":\"https:\\\/\\\/pulapulafestas.com.br\\\/#breadcrumb\"},\"inLanguage\":\"pt-BR\",\"potentialAction\":[{\"@type\":\"ReadAction\",\"target\":[\"https:\\\/\\\/pulapulafestas.com.br\\\/\"]}]},{\"@type\":\"BreadcrumbList\",\"@id\":\"https:\\\/\\\/pulapulafestas.com.br\\\/#breadcrumb\",\"itemListElement\":[{\"@type\":\"ListItem\",\"position\":1,\"name\":\"In\u00edcio\",\"item\":\"https:\\\/\\\/pulapulafestas.com.br\\\/\"},{\"@type\":\"ListItem\",\"position\":2,\"name\":\"In\u00edcio\"}]},{\"@type\":\"WebSite\",\"@id\":\"https:\\\/\\\/pulapulafestas.com.br\\\/#website\",\"url\":\"https:\\\/\\\/pulapulafestas.com.br\\\/\",\"name\":\"Pula Pula Festas - Joinville\",\"description\":\"\",\"potentialAction\":[{\"@type\":\"SearchAction\",\"target\":{\"@type\":\"EntryPoint\",\"urlTemplate\":\"https:\\\/\\\/pulapulafestas.com.br\\\/?s={search_term_string}\"},\"query-input\":{\"@type\":\"PropertyValueSpecification\",\"valueRequired\":true,\"valueName\":\"search_term_string\"}}],\"inLanguage\":\"pt-BR\"}]}<\/script>\n<!-- \/ Yoast SEO plugin. -->","yoast_head_json":{"title":"Casa de Festa Infantil em Joinville | Pula Pula Festas","description":"Casa de festa infantil em Joinville (Floresta): brinquedoteca, \u00e1rea de games, decora\u00e7\u00e3o tem\u00e1tica e estrutura completa. Reserve sua data pelo WhatsApp.","robots":{"index":"index","follow":"follow","max-snippet":"max-snippet:-1","max-image-preview":"max-image-preview:large","max-video-preview":"max-video-preview:-1"},"canonical":"https:\/\/pulapulafestas.com.br\/","og_locale":"pt_BR","og_type":"article","og_title":"Casa de Festa Infantil em Joinville | Pula Pula Festas","og_description":"Casa de festa infantil em Joinville (Floresta): brinquedoteca, \u00e1rea de games, decora\u00e7\u00e3o tem\u00e1tica e estrutura completa. Reserve sua data pelo WhatsApp.","og_url":"https:\/\/pulapulafestas.com.br\/","og_site_name":"Pula Pula Festas - Joinville","article_modified_time":"2026-05-06T17:56:10+00:00","twitter_card":"summary_large_image","twitter_title":"Casa de Festa Infantil em Joinville | Pula Pula Festas","twitter_description":"Casa de festa infantil em Joinville (Floresta): brinquedoteca, \u00e1rea de games, decora\u00e7\u00e3o tem\u00e1tica e estrutura completa. Reserve sua data pelo WhatsApp.","schema":{"@context":"https:\/\/schema.org","@graph":[{"@type":"WebPage","@id":"https:\/\/pulapulafestas.com.br\/","url":"https:\/\/pulapulafestas.com.br\/","name":"Casa de Festa Infantil em Joinville | Pula Pula Festas","isPartOf":{"@id":"https:\/\/pulapulafestas.com.br\/#website"},"datePublished":"2026-05-06T14:18:54+00:00","dateModified":"2026-05-06T17:56:10+00:00","description":"Casa de festa infantil em Joinville (Floresta): brinquedoteca, \u00e1rea de games, decora\u00e7\u00e3o tem\u00e1tica e estrutura completa. Reserve sua data pelo WhatsApp.","breadcrumb":{"@id":"https:\/\/pulapulafestas.com.br\/#breadcrumb"},"inLanguage":"pt-BR","potentialAction":[{"@type":"ReadAction","target":["https:\/\/pulapulafestas.com.br\/"]}]},{"@type":"BreadcrumbList","@id":"https:\/\/pulapulafestas.com.br\/#breadcrumb","itemListElement":[{"@type":"ListItem","position":1,"name":"In\u00edcio","item":"https:\/\/pulapulafestas.com.br\/"},{"@type":"ListItem","position":2,"name":"In\u00edcio"}]},{"@type":"WebSite","@id":"https:\/\/pulapulafestas.com.br\/#website","url":"https:\/\/pulapulafestas.com.br\/","name":"Pula Pula Festas - Joinville","description":"","potentialAction":[{"@type":"SearchAction","target":{"@type":"EntryPoint","urlTemplate":"https:\/\/pulapulafestas.com.br\/?s={search_term_string}"},"query-input":{"@type":"PropertyValueSpecification","valueRequired":true,"valueName":"search_term_string"}}],"inLanguage":"pt-BR"}]}},"_links":{"self":[{"href":"https:\/\/pulapulafestas.com.br\/index.php?rest_route=\/wp\/v2\/pages\/11","targetHints":{"allow":["GET"]}}],"collection":[{"href":"https:\/\/pulapulafestas.com.br\/index.php?rest_route=\/wp\/v2\/pages"}],"about":[{"href":"https:\/\/pulapulafestas.com.br\/index.php?rest_route=\/wp\/v2\/types\/page"}],"author":[{"embeddable":true,"href":"https:\/\/pulapulafestas.com.br\/index.php?rest_route=\/wp\/v2\/users\/1"}],"replies":[{"embeddable":true,"href":"https:\/\/pulapulafestas.com.br\/index.php?rest_route=%2Fwp%2Fv2%2Fcomments&post=11"}],"version-history":[{"count":5,"href":"https:\/\/pulapulafestas.com.br\/index.php?rest_route=\/wp\/v2\/pages\/11\/revisions"}],"predecessor-version":[{"id":23,"href":"https:\/\/pulapulafestas.com.br\/index.php?rest_route=\/wp\/v2\/pages\/11\/revisions\/23"}],"wp:attachment":[{"href":"https:\/\/pulapulafestas.com.br\/index.php?rest_route=%2Fwp%2Fv2%2Fmedia&parent=11"}],"curies":[{"name":"wp","href":"https:\/\/api.w.org\/{rel}","templated":true}]}}